{"id":1171,"date":"2018-03-20T14:15:07","date_gmt":"2018-03-20T13:15:07","guid":{"rendered":"http:\/\/fruchtstueck.de\/?page_id=1171"},"modified":"2018-05-21T13:07:34","modified_gmt":"2018-05-21T12:07:34","slug":"datenschutzerklaerung","status":"publish","type":"page","link":"https:\/\/fruchtstueck.de\/?page_id=1171","title":{"rendered":"Datenschutzerkl\u00e4rung"},"content":{"rendered":"<p><b><strong>A) &#8211; Allgemeines<\/strong><\/b><\/p>\n<p>Nachfolgende Datenschutzerkl\u00e4rung gilt f\u00fcr die Webseiten www.fruchtstueck.de und www.fruchtst\u00fcck.de, nachfolgend Webseite genannt. Da dem Datenschutz gro\u00dfe Bedeutung zukommt, erfolgt die Erhebung und Verarbeitung der personenbezogenen Daten unter Beachtung der geltenden datenschutzrechtlichen Vorschriften, insbesondere der EU-Datenschutzgrundverordnung (DSGVO). Um diese Webseite anbieten zu k\u00f6nnen, werden personenbezogene Daten erhoben und verarbeitet. Diese Erkl\u00e4rung beschreibt, wie und zu welchem Zweck Daten erfasst und genutzt werden und welche Wahlm\u00f6glichkeiten im Zusammenhang mit pers\u00f6nlichen Daten bestehen.<\/p>\n<p>Durch die Verwendung der Webseite wird der Erfassung, Nutzung und \u00dcbertragung der Daten gem\u00e4\u00df dieser Datenschutzerkl\u00e4rung zugestimmt.<\/p>\n<p><strong>A1) &#8211; Verantwortliche Stelle <\/strong><\/p>\n<p>Verantwortliche Stelle f\u00fcr die Erhebung, Verarbeitung und Nutzung personenbezogenen Daten im Sinne der DSGVO ist:<\/p>\n<ul>\n<li>Martin Sch\u00f6n, Kiefernweg 14, 31303 Burgdorf, info (at) fruchtst\u00fcck.de<\/li>\n<\/ul>\n<p>Sofern der Nutzende der Erhebung, Verarbeitung oder Nutzung der Daten durch den Betreiber der Webseite nach Ma\u00dfgabe dieser Datenschutzbestimmungen insgesamt oder f\u00fcr einzelne Ma\u00dfnahmen widersprechen m\u00f6chte, kann der Widerspruch an die o.g. verantwortliche Stelle gerichtet werden.<\/p>\n<p>Diese Datenschutzerkl\u00e4rung kann jederzeit gespeichert oder ausgedruckt werden.<\/p>\n<p>&nbsp;<\/p>\n<p><strong>B) &#8211; Allgemeine Nutzung der Webseite <\/strong><\/p>\n<p><strong>B1) &#8211; Zugriffsdaten <\/strong><\/p>\n<p>Wenn die Webseite genutzt wird, werden automatisch Informationen \u00fcber das Nutzungsverhalten sowie Informationen \u00fcber durchgef\u00fchrte Interaktionen zwischen Nutzendem und Computer oder Mobilger\u00e4t erfasst. Hierzu werden Daten \u00fcber jeden Zugriff in Serverlogfiles gespeichert und ausgewertet. Zu den Zugriffsdaten geh\u00f6ren Name und URL der aufgerufenen Datei, Datum und Uhrzeit des Abrufs, \u00fcbertragene Datenmenge, Browsertyp und \u2013version, Betriebssystem, aufrufende URL, IP-Adresse und anfragender Provider.<\/p>\n<p>Diese Protokolldaten werden ohne Zuordnung zu Nutzenden f\u00fcr statistische Auswertungen zum Zweck des Betriebs, der Sicherheit und der Optimierung der Webseite sowie zur anonymen Erfassung der Nutzung und des Traffics erfasst.<\/p>\n<p>Wenn es Sicherheitszwecke erforderlich machen oder konkrete Anhaltspunkte eines Verdachts einer rechtswidrigen Nutzung bestehen, k\u00f6nnen die Protokolldaten auch einer nachtr\u00e4glichen Pr\u00fcfung unterzogen werden.<\/p>\n<p><strong>B2) &#8211; E-Mail Kontakt <\/strong><\/p>\n<p>Im Fall der Kontaktaufnahme per E-Mail\u00a0werden die Kontaktdaten zur Bearbeitung der Anfrage gespeichert. Eine weitere personenbezogene Nutzung der Daten erfolgt nicht.<\/p>\n<p><strong>B3) \u2013 Kommentarfunktion<\/strong><\/p>\n<p>F\u00fcr die Kommentarfunktion auf dieser Webseite werden neben den Kommentaren auch Angaben zum Zeitpunkt der Erstellung des Kommentars, der E-Mail-Adresse des Erstellenden und wenn der Post nicht anonym durchgef\u00fchrt wird, der gew\u00e4hlte Nutzername gespeichert. Weiterhin wird die IP-Adresse des Kommentierenden erfasst und gespeichert.<\/p>\n<p><strong>B4) &#8211; Rechtsgrundlagen und Speicherdauer <\/strong><\/p>\n<p>Rechtsgrundlage der Datenverarbeitung nach den vorstehenden Ziffern ist Art 6 Abs. 1 Buchstabe f) DSGVO. Das Interesse an der Datenverarbeitung sind insbesondere die Sicherstellung des Betriebs und der Sicherheit sowie die Untersuchung der Art und Weise der Nutzung dieser Webseite durch Besucher. Sofern nicht spezifisch angegeben, werden personenbezogene Daten nur so lange gespeichert, wie dies zur Erf\u00fcllung der verfolgten Zwecke notwendig ist.<\/p>\n<p>&nbsp;<\/p>\n<p><strong>C) &#8211; Rechte als von der Datenverarbeitung Betroffener <\/strong><\/p>\n<p>Zur Geltendmachung der Rechte als Nutzer kann eine Anfrage per E-Mail oder per Post unter eindeutiger Identifikation des Nutzers an die unter A) genannte Adresse gesendet werden.<\/p>\n<p>Nachfolgend eine \u00dcbersicht der Rechte als Nutzer.<\/p>\n<p><strong>C1) &#8211; Recht auf Best\u00e4tigung und Auskunft <\/strong><\/p>\n<p>Der Nutzende hat das Recht eine Best\u00e4tigung dar\u00fcber zu erhalten, ob personenbezogene Daten verarbeitet werden. Wenn dies der Fall ist, hat der Nutzende das Recht, vom Webseitenbetreiber eine unentgeltliche Auskunft \u00fcber die zum Nutzenden gespeicherten personenbezogenen Daten inkl. einer Kopie dieser Daten zu erhalten. Desweiteren besteht ein Recht auf folgende Informationen:<\/p>\n<ul>\n<li>Verarbeitungszwecke<\/li>\n<li>Kategorien der verarbeiteten personenbezogener Daten<\/li>\n<li>Empf\u00e4nger oder Kategorien von Empf\u00e4ngern, gegen\u00fcber denen die personenbezogenen Daten offengelegt worden sind oder noch offengelegt werden<\/li>\n<li>falls m\u00f6glich die geplante Speicherdauer, der personenbezogenen Daten sowie die Kriterien der die Speicherdauer unterliegt<\/li>\n<li>Recht auf Berichtigung oder L\u00f6schung der den Nutzenden betreffenden personenbezogenen Daten<\/li>\n<li>Beschwerderecht bei einer Aufsichtsbeh\u00f6rde<\/li>\n<\/ul>\n<p><strong>C2) &#8211; Recht auf Berichtigung <\/strong><\/p>\n<p>Der Nutzende hat das Recht, vom Webseitenbetreiber unverz\u00fcglich die Berichtigung unrichtiger personenbezogener Daten zu verlangen.<\/p>\n<p><strong>C3) &#8211; Recht auf Vergessenwerden (L\u00f6schung) <\/strong><\/p>\n<p>Der Nutzende hat das Recht, vom Webseitenbetreiber zu verlangen, dass personenbezogene Daten unverz\u00fcglich gel\u00f6scht werden, wenn einer der folgenden Gr\u00fcnde zutrifft:<\/p>\n<ul>\n<li>Die personenbezogenen Daten sind f\u00fcr die Zwecke, f\u00fcr die sie erhoben oder auf sonstige Weise verarbeitet wurden, nicht mehr notwendig<\/li>\n<li>Der Nutzende widerruft die Einwilligung, auf die sich die Verarbeitung gem\u00e4\u00df Artikel 6 Absatz 1 DSGVO Buchstabe a) oder Artikel 9 Absatz 2 Buchstabe a) DSGVO st\u00fctzt, und es fehlt an einer anderweitigen Rechtsgrundlage f\u00fcr die Verarbeitung<\/li>\n<li>Der Nutzende legt gem\u00e4\u00df Artikel 21 Absatz 1 DSGVO Widerspruch gegen die Verarbeitung ein und es liegen keine vorrangigen berechtigten Gr\u00fcnde f\u00fcr die Verarbeitung vor oder der Nutzende legt gem\u00e4\u00df Artikel 21 Absatz 2 DSGVO Widerspruch gegen die Verarbeitung ein<\/li>\n<li>Die personenbezogenen Daten wurden unrechtm\u00e4\u00dfig verarbeitet<\/li>\n<li>Die L\u00f6schung der personenbezogenen Daten ist zur Erf\u00fcllung einer rechtlichen Verpflichtung nach dem Unionsrecht oder dem Recht der Mitgliedstaaten erforderlich<\/li>\n<\/ul>\n<p><strong>C4) &#8211; Recht auf Widerruf einer datenschutzrechtlichen Einwilligung <\/strong><\/p>\n<p>Der Nutzende hat das Recht, eine Einwilligung zur Verarbeitung personenbezogener Daten jederzeit zu widerrufen.<\/p>\n<p><strong>C5) &#8211; Recht auf Beschwerde bei einer Aufsichtsbeh\u00f6rde <\/strong><\/p>\n<p>Der Nutzende hat das Recht auf Beschwerde bei einer Aufsichtsbeh\u00f6rde.<\/p>\n<p>&nbsp;<\/p>\n<p><strong>D) &#8211; Datensicherheit <\/strong><\/p>\n<p>Der Webseitenbetreiber ist um die Sicherheit der Daten der Nutzenden im Rahmen der geltenden Datenschutzgesetze und technischen M\u00f6glichkeiten bem\u00fcht.<\/p>\n<p>&nbsp;<\/p>\n<p><strong>E) &#8211; Weitergabe von Daten an Dritte<\/strong><\/p>\n<p>Der Webseitenbetreiber gibt keine Daten an Dritte. Personenbezogene Daten werden nur innerhalb des unter A1) angegebenen Betreibers genutzt.<\/p>\n<p>F\u00fcr den Fall, dass der Webseitenbetreiber bestimmte Teile der Datenverarbeitung auslagert (\u201eAuftragsverarbeitung\u201c), wird der Auftragsverarbeiter vertraglich dazu verpflichtet, personenbezogene Daten nur im Einklang mit den Anforderungen der Datenschutzgesetze zu verwenden und den Schutz der Rechte der betroffenen Person zu gew\u00e4hrleisten.<\/p>\n","protected":false},"excerpt":{"rendered":"<p>A) &#8211; Allgemeines Nachfolgende Datenschutzerkl\u00e4rung gilt f\u00fcr die Webseiten www.fruchtstueck.de und www.fruchtst\u00fcck.de, nachfolgend Webseite genannt. Da dem Datenschutz gro\u00dfe Bedeutung zukommt, erfolgt die Erhebung und Verarbeitung der personenbezogenen Daten unter Beachtung der geltenden datenschutzrechtlichen Vorschriften, insbesondere der EU-Datenschutzgrundverordnung (DSGVO). Um&hellip; <\/p>\n","protected":false},"author":2,"featured_media":0,"parent":0,"menu_order":0,"comment_status":"closed","ping_status":"closed","template":"","meta":{"ngg_post_thumbnail":0,"footnotes":""},"class_list":["post-1171","page","type-page","status-publish","hentry"],"_links":{"self":[{"href":"https:\/\/fruchtstueck.de\/index.php?rest_route=\/wp\/v2\/pages\/1171","targetHints":{"allow":["GET"]}}],"collection":[{"href":"https:\/\/fruchtstueck.de\/index.php?rest_route=\/wp\/v2\/pages"}],"about":[{"href":"https:\/\/fruchtstueck.de\/index.php?rest_route=\/wp\/v2\/types\/page"}],"author":[{"embeddable":true,"href":"https:\/\/fruchtstueck.de\/index.php?rest_route=\/wp\/v2\/users\/2"}],"replies":[{"embeddable":true,"href":"https:\/\/fruchtstueck.de\/index.php?rest_route=%2Fwp%2Fv2%2Fcomments&post=1171"}],"version-history":[{"count":8,"href":"https:\/\/fruchtstueck.de\/index.php?rest_route=\/wp\/v2\/pages\/1171\/revisions"}],"predecessor-version":[{"id":1236,"href":"https:\/\/fruchtstueck.de\/index.php?rest_route=\/wp\/v2\/pages\/1171\/revisions\/1236"}],"wp:attachment":[{"href":"https:\/\/fruchtstueck.de\/index.php?rest_route=%2Fwp%2Fv2%2Fmedia&parent=1171"}],"curies":[{"name":"wp","href":"https:\/\/api.w.org\/{rel}","templated":true}]}}